{"id":7387,"date":"2024-02-05T15:34:24","date_gmt":"2024-02-05T14:34:24","guid":{"rendered":"https:\/\/www.veracash.com\/?page_id=7387"},"modified":"2025-12-08T09:59:07","modified_gmt":"2025-12-08T08:59:07","slug":"emplois","status":"publish","type":"page","link":"https:\/\/www.veracash.com\/fr\/emplois","title":{"rendered":"Offres d&#8217;emploi"},"content":{"rendered":"<div class=\"wpb-content-wrapper\"><p>[vc_row row_height_percent=\u00a0\u00bb0&Prime; override_padding=\u00a0\u00bbyes\u00a0\u00bb h_padding=\u00a0\u00bb2&Prime; top_padding=\u00a0\u00bb2&Prime; bottom_padding=\u00a0\u00bb2&Prime; back_color=\u00a0\u00bbcolor-180149&Prime; back_image=\u00a0\u00bb7391&Prime; parallax=\u00a0\u00bbyes\u00a0\u00bb overlay_color=\u00a0\u00bbcolor-180149&Prime; overlay_alpha=\u00a0\u00bb94&Prime; gutter_size=\u00a0\u00bb3&Prime; column_width_percent=\u00a0\u00bb100&Prime; shift_y=\u00a0\u00bb0&Prime; z_index=\u00a0\u00bb0&Prime; row_name=\u00a0\u00bbHello\u00a0\u00bb uncode_shortcode_id=\u00a0\u00bb148141&Prime; back_color_type=\u00a0\u00bbuncode-palette\u00a0\u00bb overlay_color_type=\u00a0\u00bbuncode-palette\u00a0\u00bb][vc_column column_width_percent=\u00a0\u00bb100&Prime; position_vertical=\u00a0\u00bbmiddle\u00a0\u00bb gutter_size=\u00a0\u00bb4&Prime; overlay_alpha=\u00a0\u00bb50&Prime; shift_x=\u00a0\u00bb0&Prime; shift_y=\u00a0\u00bb0&Prime; shift_y_down=\u00a0\u00bb0&Prime; z_index=\u00a0\u00bb0&Prime; medium_width=\u00a0\u00bb4&Prime; mobile_width=\u00a0\u00bb0&Prime; css_animation=\u00a0\u00bbbottom-t-top\u00a0\u00bb animation_delay=\u00a0\u00bb200&Prime; width=\u00a0\u00bb1\/1&Prime; uncode_shortcode_id=\u00a0\u00bb772209&Prime;][uncode_breadcrumbs][vc_row_inner][vc_column_inner column_width_percent=\u00a0\u00bb100&Prime; gutter_size=\u00a0\u00bb2&Prime; overlay_alpha=\u00a0\u00bb50&Prime; shift_x=\u00a0\u00bb0&Prime; shift_y=\u00a0\u00bb0&Prime; shift_y_down=\u00a0\u00bb0&Prime; z_index=\u00a0\u00bb0&Prime; medium_width=\u00a0\u00bb4&Prime; mobile_width=\u00a0\u00bb0&Prime; width=\u00a0\u00bb1\/2&Prime; uncode_shortcode_id=\u00a0\u00bb835111&Prime;][vc_custom_heading heading_semantic=\u00a0\u00bbp\u00a0\u00bb text_font=\u00a0\u00bbfont-555555&Prime; text_size=\u00a0\u00bbh5&Prime; badge_style=\u00a0\u00bbyes\u00a0\u00bb back_color=\u00a0\u00bbcolor-701050&Prime; radius=\u00a0\u00bbsm\u00a0\u00bb uncode_shortcode_id=\u00a0\u00bb488143&Prime; back_color_type=\u00a0\u00bbuncode-palette\u00a0\u00bb]Recrutement[\/vc_custom_heading][vc_custom_heading text_color=\u00a0\u00bbcolor-810891&Prime; heading_semantic=\u00a0\u00bbh1&Prime; separator=\u00a0\u00bbyes\u00a0\u00bb sub_reduced=\u00a0\u00bbyes\u00a0\u00bb uncode_shortcode_id=\u00a0\u00bb179591&Prime; text_color_type=\u00a0\u00bbuncode-palette\u00a0\u00bb]Retrouvez ici l&rsquo;ensemble des <span style=\"color: #77bb77\">offres d&#8217;emploi<\/span> pour rejoindre Veracash[\/vc_custom_heading][vc_column_text text_lead=\u00a0\u00bbyes\u00a0\u00bb uncode_shortcode_id=\u00a0\u00bb170942&Prime;]Vous \u00eates int\u00e9ress\u00e9 par le monde de l&rsquo;investissement et en particulier par celui des m\u00e9taux pr\u00e9cieux ? Vous souhaitez \u00e9voluer dans un environnement de travail \u00e0 taille humaine ? D\u00e9couvrez l&rsquo;ensemble de nos offres d&#8217;emploi pour rejoindre Veracash et ainsi contribuer \u00e0 son d\u00e9veloppement.[\/vc_column_text][vc_empty_space empty_h=\u00a0\u00bb2&Prime;][vc_button button_color=\u00a0\u00bbaccent\u00a0\u00bb size=\u00a0\u00bbbtn-sm\u00a0\u00bb radius=\u00a0\u00bbbtn-round\u00a0\u00bb text_skin=\u00a0\u00bbyes\u00a0\u00bb border_width=\u00a0\u00bb0&Prime; lbox_skin=\u00a0\u00bbwhite\u00a0\u00bb button_color_type=\u00a0\u00bbuncode-palette\u00a0\u00bb icon=\u00a0\u00bbfa fa-chevron-down\u00a0\u00bb uncode_shortcode_id=\u00a0\u00bb337950&Prime; link=\u00a0\u00bburl:%23offres-emploi\u00a0\u00bb]J&rsquo;acc\u00e8de aux offres[\/vc_button][\/vc_column_inner][vc_column_inner column_width_percent=\u00a0\u00bb100&Prime; align_horizontal=\u00a0\u00bbalign_center\u00a0\u00bb gutter_size=\u00a0\u00bb3&Prime; overlay_alpha=\u00a0\u00bb50&Prime; shift_x=\u00a0\u00bb0&Prime; shift_y=\u00a0\u00bb0&Prime; shift_y_down=\u00a0\u00bb0&Prime; z_index=\u00a0\u00bb0&Prime; medium_width=\u00a0\u00bb4&Prime; mobile_visibility=\u00a0\u00bbyes\u00a0\u00bb mobile_width=\u00a0\u00bb0&Prime; width=\u00a0\u00bb1\/2&Prime; uncode_shortcode_id=\u00a0\u00bb209891&Prime;][vc_single_image media=\u00a0\u00bb7389&Prime; media_width_percent=\u00a0\u00bb80&Prime; alignment=\u00a0\u00bbcenter\u00a0\u00bb shape=\u00a0\u00bbimg-round\u00a0\u00bb radius=\u00a0\u00bbstd\u00a0\u00bb uncode_shortcode_id=\u00a0\u00bb179847&Prime;][\/vc_column_inner][\/vc_row_inner][\/vc_column][\/vc_row][vc_row row_height_percent=\u00a0\u00bb0&Prime; override_padding=\u00a0\u00bbyes\u00a0\u00bb h_padding=\u00a0\u00bb2&Prime; top_padding=\u00a0\u00bb2&Prime; bottom_padding=\u00a0\u00bb2&Prime; back_color=\u00a0\u00bbaccent\u00a0\u00bb overlay_alpha=\u00a0\u00bb50&Prime; gutter_size=\u00a0\u00bb3&Prime; column_width_percent=\u00a0\u00bb100&Prime; shift_y=\u00a0\u00bb0&Prime; z_index=\u00a0\u00bb0&Prime; uncode_shortcode_id=\u00a0\u00bb457554&Prime; back_color_type=\u00a0\u00bbuncode-palette\u00a0\u00bb][vc_column column_width_percent=\u00a0\u00bb100&Prime; position_vertical=\u00a0\u00bbmiddle\u00a0\u00bb gutter_size=\u00a0\u00bb3&Prime; style=\u00a0\u00bbdark\u00a0\u00bb overlay_alpha=\u00a0\u00bb50&Prime; shift_x=\u00a0\u00bb0&Prime; shift_y=\u00a0\u00bb0&Prime; shift_y_down=\u00a0\u00bb0&Prime; z_index=\u00a0\u00bb0&Prime; medium_width=\u00a0\u00bb0&Prime; mobile_width=\u00a0\u00bb0&Prime; width=\u00a0\u00bb1\/4&Prime; uncode_shortcode_id=\u00a0\u00bb448701&Prime;][vc_custom_heading heading_semantic=\u00a0\u00bbh4&Prime; uncode_shortcode_id=\u00a0\u00bb880818&Prime;]Aujourd&rsquo;hui, Veracash c&rsquo;est[\/vc_custom_heading][\/vc_column][vc_column column_width_percent=\u00a0\u00bb100&Prime; gutter_size=\u00a0\u00bb3&Prime; style=\u00a0\u00bbdark\u00a0\u00bb overlay_alpha=\u00a0\u00bb50&Prime; shift_x=\u00a0\u00bb0&Prime; shift_y=\u00a0\u00bb0&Prime; shift_y_down=\u00a0\u00bb0&Prime; z_index=\u00a0\u00bb0&Prime; medium_width=\u00a0\u00bb0&Prime; mobile_width=\u00a0\u00bb0&Prime; width=\u00a0\u00bb1\/4&Prime; uncode_shortcode_id=\u00a0\u00bb632637&Prime;][vc_icon icon=\u00a0\u00bbfa fa-star\u00a0\u00bb size=\u00a0\u00bbfa-3x\u00a0\u00bb text_reduced=\u00a0\u00bbyes\u00a0\u00bb uncode_shortcode_id=\u00a0\u00bb498693&Prime; title=\u00a0\u00bbUne expertise reconnue\u00a0\u00bb]Veracash est la seule entreprise fran\u00e7aise \u00e0 digitaliser de l&rsquo;or physique[\/vc_icon][uncode_counter value=\u00a0\u00bb12&Prime; counter_color=\u00a0\u00bb\u00a0\u00bb size=\u00a0\u00bbh2&Prime; weight=\u00a0\u00bb600&Prime; text=\u00a0\u00bbd&rsquo;existence au service de l&rsquo;\u00e9pargne de particuliers\u00a0\u00bb uncode_shortcode_id=\u00a0\u00bb239458&Prime; suffix=\u00a0\u00bbans\u00a0\u00bb][\/vc_column][vc_column column_width_percent=\u00a0\u00bb100&Prime; gutter_size=\u00a0\u00bb3&Prime; style=\u00a0\u00bbdark\u00a0\u00bb overlay_alpha=\u00a0\u00bb50&Prime; shift_x=\u00a0\u00bb0&Prime; shift_y=\u00a0\u00bb0&Prime; shift_y_down=\u00a0\u00bb0&Prime; z_index=\u00a0\u00bb0&Prime; medium_width=\u00a0\u00bb0&Prime; mobile_width=\u00a0\u00bb0&Prime; width=\u00a0\u00bb1\/4&Prime; uncode_shortcode_id=\u00a0\u00bb142471&Prime;][vc_icon icon=\u00a0\u00bbfa fa-map-marker\u00a0\u00bb size=\u00a0\u00bbfa-3x\u00a0\u00bb text_reduced=\u00a0\u00bbyes\u00a0\u00bb uncode_shortcode_id=\u00a0\u00bb476317&Prime; title=\u00a0\u00bbUne implantation locale\u00a0\u00bb]Les bureaux se situent en proximit\u00e9 imm\u00e9diate de Bordeaux[\/vc_icon][uncode_counter value=\u00a0\u00bb60&Prime; counter_color=\u00a0\u00bb\u00a0\u00bb size=\u00a0\u00bbh2&Prime; weight=\u00a0\u00bb600&Prime; text=\u00a0\u00bbau sein du groupe AuCOFFRE, le sp\u00e9cialiste fran\u00e7ais des m\u00e9taux pr\u00e9cieux\u00a0\u00bb uncode_shortcode_id=\u00a0\u00bb149553&Prime; suffix=\u00a0\u00bbcollaborateurs\u00a0\u00bb][\/vc_column][vc_column column_width_percent=\u00a0\u00bb100&Prime; gutter_size=\u00a0\u00bb3&Prime; style=\u00a0\u00bbdark\u00a0\u00bb overlay_alpha=\u00a0\u00bb50&Prime; shift_x=\u00a0\u00bb0&Prime; shift_y=\u00a0\u00bb0&Prime; shift_y_down=\u00a0\u00bb0&Prime; z_index=\u00a0\u00bb0&Prime; medium_width=\u00a0\u00bb0&Prime; mobile_width=\u00a0\u00bb0&Prime; width=\u00a0\u00bb1\/4&Prime; uncode_shortcode_id=\u00a0\u00bb253379&Prime;][vc_icon icon=\u00a0\u00bbfa fa-group\u00a0\u00bb size=\u00a0\u00bbfa-3x\u00a0\u00bb text_reduced=\u00a0\u00bbyes\u00a0\u00bb uncode_shortcode_id=\u00a0\u00bb186823&Prime; title=\u00a0\u00bbUn management de proximit\u00e9\u00a0\u00bb]\u00c9voluez dans un environnement bienveillant o\u00f9 chaque salari\u00e9 est \u00e9cout\u00e9[\/vc_icon][uncode_counter value=\u00a0\u00bb4,5&Prime; counter_color=\u00a0\u00bb\u00a0\u00bb size=\u00a0\u00bbh2&Prime; weight=\u00a0\u00bb600&Prime; height=\u00a0\u00bbfontheight-688310&Prime; text=\u00a0\u00bbc&rsquo;est la note de confiance donn\u00e9e par nos clients\u00a0\u00bb uncode_shortcode_id=\u00a0\u00bb113708&Prime; suffix=\u00a0\u00bb\/5&Prime;][\/vc_column][\/vc_row][vc_row][vc_column column_width_percent=\u00a0\u00bb100&Prime; gutter_size=\u00a0\u00bb1&Prime; overlay_alpha=\u00a0\u00bb50&Prime; shift_x=\u00a0\u00bb0&Prime; shift_y=\u00a0\u00bb0&Prime; shift_y_down=\u00a0\u00bb0&Prime; z_index=\u00a0\u00bb0&Prime; medium_width=\u00a0\u00bb0&Prime; mobile_width=\u00a0\u00bb0&Prime; width=\u00a0\u00bb1\/1&Prime; uncode_shortcode_id=\u00a0\u00bb138527&Prime;][vc_custom_heading uncode_shortcode_id=\u00a0\u00bb112516&Prime;]Nos collaborateurs t\u00e9moignent[\/vc_custom_heading][\/vc_column][\/vc_row][vc_row row_height_percent=\u00a0\u00bb0&Prime; override_padding=\u00a0\u00bbyes\u00a0\u00bb h_padding=\u00a0\u00bb2&Prime; top_padding=\u00a0\u00bb2&Prime; bottom_padding=\u00a0\u00bb2&Prime; overlay_alpha=\u00a0\u00bb100&Prime; gutter_size=\u00a0\u00bb4&Prime; column_width_percent=\u00a0\u00bb100&Prime; shift_y=\u00a0\u00bb0&Prime; z_index=\u00a0\u00bb0&Prime; style=\u00a0\u00bbinherited\u00a0\u00bb uncode_shortcode_id=\u00a0\u00bb133790&Prime;][vc_column column_width_percent=\u00a0\u00bb100&Prime; position_horizontal=\u00a0\u00bbleft\u00a0\u00bb gutter_size=\u00a0\u00bb3&Prime; overlay_alpha=\u00a0\u00bb100&Prime; shift_x=\u00a0\u00bb0&Prime; shift_y=\u00a0\u00bb0&Prime; shift_y_down=\u00a0\u00bb0&Prime; z_index=\u00a0\u00bb0&Prime; medium_width=\u00a0\u00bb0&Prime; mobile_width=\u00a0\u00bb0&Prime; zoom_width=\u00a0\u00bb0&Prime; zoom_height=\u00a0\u00bb0&Prime; width=\u00a0\u00bb1\/2&Prime; uncode_shortcode_id=\u00a0\u00bb115168&Prime;][vc_single_image media=\u00a0\u00bb7395&Prime; media_width_use_pixel=\u00a0\u00bbyes\u00a0\u00bb media_ratio=\u00a0\u00bbone-one\u00a0\u00bb shape=\u00a0\u00bbimg-circle\u00a0\u00bb media_width_pixel=\u00a0\u00bb100&Prime; uncode_shortcode_id=\u00a0\u00bb377201&Prime;][vc_custom_heading heading_semantic=\u00a0\u00bbp\u00a0\u00bb text_size=\u00a0\u00bbh5&Prime; subheading=\u00a0\u00bbEn tant que charg\u00e9e de communication, j&rsquo;ai la chance d&rsquo;\u00e9laborer et ex\u00e9cuter des strat\u00e9gies percutantes pour nous rendre visibles, avec comme objectif premier de d\u00e9mocratiser l&rsquo;investissement dans les m\u00e9taux pr\u00e9cieux. J&rsquo;\u00e9volue dans un environnement sain qui me permet chaque jour de relever de nouveaux d\u00e9fis !\u00a0\u00bb uncode_shortcode_id=\u00a0\u00bb314567&Prime;]Elisa, charg\u00e9e de communication[\/vc_custom_heading][\/vc_column][vc_column column_width_percent=\u00a0\u00bb100&Prime; gutter_size=\u00a0\u00bb3&Prime; overlay_alpha=\u00a0\u00bb50&Prime; shift_x=\u00a0\u00bb0&Prime; shift_y=\u00a0\u00bb0&Prime; shift_y_down=\u00a0\u00bb0&Prime; z_index=\u00a0\u00bb0&Prime; medium_width=\u00a0\u00bb0&Prime; mobile_width=\u00a0\u00bb0&Prime; width=\u00a0\u00bb1\/2&Prime; uncode_shortcode_id=\u00a0\u00bb650589&Prime;][vc_single_image media=\u00a0\u00bb7396&Prime; media_width_use_pixel=\u00a0\u00bbyes\u00a0\u00bb media_ratio=\u00a0\u00bbone-one\u00a0\u00bb shape=\u00a0\u00bbimg-circle\u00a0\u00bb media_width_pixel=\u00a0\u00bb100&Prime; uncode_shortcode_id=\u00a0\u00bb953802&Prime;][vc_custom_heading heading_semantic=\u00a0\u00bbp\u00a0\u00bb text_size=\u00a0\u00bbh5&Prime; subheading=\u00a0\u00bbJe suis arriv\u00e9e voil\u00e0 bient\u00f4t 2 ans en tant qu&rsquo;assistante administration des ventes et aujourd&rsquo;hui j&rsquo;ai en charge le p\u00f4le conformit\u00e9. VeraCash permet d&rsquo;ouvrir la voie aux employ\u00e9s qui souhaitent r\u00e9aliser leurs ambitions.<br \/>\nJ&rsquo;aime l&rsquo;expertise et la qualit\u00e9 des gens qui s&rsquo;y trouvent, c&rsquo;est ce qui fait la richesse de VeraCash !\u00a0\u00bb uncode_shortcode_id=\u00a0\u00bb133200&Prime; text_color_type=\u00a0\u00bbuncode-palette\u00a0\u00bb text_color_solid=\u00a0\u00bb#ff0000&Prime;]Nathalie, charg\u00e9e de conformit\u00e9[\/vc_custom_heading][\/vc_column][\/vc_row][vc_row row_height_percent=\u00a0\u00bb0&Prime; overlay_alpha=\u00a0\u00bb50&Prime; gutter_size=\u00a0\u00bb3&Prime; column_width_percent=\u00a0\u00bb100&Prime; shift_y=\u00a0\u00bb0&Prime; z_index=\u00a0\u00bb0&Prime; uncode_shortcode_id=\u00a0\u00bb956252&Prime; row_name=\u00a0\u00bboffres-emploi\u00a0\u00bb][vc_column width=\u00a0\u00bb1\/1&Prime;][vc_separator sep_color=\u00a0\u00bb\u00a0\u00bb uncode_shortcode_id=\u00a0\u00bb211782&Prime;][vc_custom_heading uncode_shortcode_id=\u00a0\u00bb206662&Prime;]Nos offres d&#8217;emploi \u00e0 pourvoir[\/vc_custom_heading][vc_row_inner][vc_column_inner column_width_percent=\u00a0\u00bb100&Prime; gutter_size=\u00a0\u00bb3&Prime; expand_height=\u00a0\u00bbyes\u00a0\u00bb back_color=\u00a0\u00bbcolor-135978&Prime; overlay_alpha=\u00a0\u00bb50&Prime; radius=\u00a0\u00bbstd\u00a0\u00bb shift_x=\u00a0\u00bb0&Prime; shift_y=\u00a0\u00bb0&Prime; shift_y_down=\u00a0\u00bb0&Prime; z_index=\u00a0\u00bb0&Prime; medium_width=\u00a0\u00bb0&Prime; mobile_width=\u00a0\u00bb0&Prime; width=\u00a0\u00bb1\/3&Prime; uncode_shortcode_id=\u00a0\u00bb208186&Prime; back_color_type=\u00a0\u00bbuncode-palette\u00a0\u00bb][vc_custom_heading heading_semantic=\u00a0\u00bbp\u00a0\u00bb text_size=\u00a0\u00bbh3&Prime; sub_reduced=\u00a0\u00bbyes\u00a0\u00bb uncode_shortcode_id=\u00a0\u00bb833192&Prime; subheading=\u00a0\u00bb\u00c0 B\u00e8gles (33)\u00a0\u00bb]<strong>Candidature spontan\u00e9e<\/strong>[\/vc_custom_heading][vc_button button_color=\u00a0\u00bbaccent\u00a0\u00bb size=\u00a0\u00bbbtn-sm\u00a0\u00bb radius=\u00a0\u00bbbtn-round\u00a0\u00bb border_width=\u00a0\u00bb0&Prime; button_color_type=\u00a0\u00bbuncode-palette\u00a0\u00bb uncode_shortcode_id=\u00a0\u00bb480076&Prime; link=\u00a0\u00bburl:mailto%3Arecrutement%40veracash.com|target:_blank\u00a0\u00bb]Postuler[\/vc_button][\/vc_column_inner][vc_column_inner column_width_percent=\u00a0\u00bb100&Prime; gutter_size=\u00a0\u00bb3&Prime; expand_height=\u00a0\u00bbyes\u00a0\u00bb back_color=\u00a0\u00bbcolor-135978&Prime; overlay_alpha=\u00a0\u00bb50&Prime; radius=\u00a0\u00bbstd\u00a0\u00bb shift_x=\u00a0\u00bb0&Prime; shift_y=\u00a0\u00bb0&Prime; shift_y_down=\u00a0\u00bb0&Prime; z_index=\u00a0\u00bb0&Prime; medium_width=\u00a0\u00bb0&Prime; mobile_width=\u00a0\u00bb0&Prime; width=\u00a0\u00bb1\/3&Prime; uncode_shortcode_id=\u00a0\u00bb191925&Prime; back_color_type=\u00a0\u00bbuncode-palette\u00a0\u00bb][vc_custom_heading heading_semantic=\u00a0\u00bbp\u00a0\u00bb text_size=\u00a0\u00bbh3&Prime; sub_reduced=\u00a0\u00bbyes\u00a0\u00bb uncode_shortcode_id=\u00a0\u00bb514132&Prime; subheading=\u00a0\u00bb\u00c0 B\u00e8gles (33)\u00a0\u00bb]<strong>Administrateur\u00b7trice des ventes<\/strong>[\/vc_custom_heading][vc_button button_color=\u00a0\u00bbaccent\u00a0\u00bb size=\u00a0\u00bbbtn-sm\u00a0\u00bb radius=\u00a0\u00bbbtn-round\u00a0\u00bb border_width=\u00a0\u00bb0&Prime; link=\u00a0\u00bburl:%20https%3A%2F%2Ffr.indeed.com%2Fjob%2Fadministrateur-des-ventes-hf-aed209feb373e968|target:_blank\u00a0\u00bb button_color_type=\u00a0\u00bbuncode-palette\u00a0\u00bb uncode_shortcode_id=\u00a0\u00bb159631&Prime;]Postuler[\/vc_button][\/vc_column_inner][\/vc_row_inner][\/vc_column][\/vc_row]<\/p>\n<\/div>","protected":false},"excerpt":{"rendered":"<p>[vc_row row_height_percent=\u00a0\u00bb0&Prime; override_padding=\u00a0\u00bbyes\u00a0\u00bb h_padding=\u00a0\u00bb2&Prime; top_padding=\u00a0\u00bb2&Prime; bottom_padding=\u00a0\u00bb2&Prime; back_color=\u00a0\u00bbcolor-180149&Prime; back_image=\u00a0\u00bb7391&Prime; parallax=\u00a0\u00bbyes\u00a0\u00bb overlay_color=\u00a0\u00bbcolor-180149&Prime; overlay_alpha=\u00a0\u00bb94&Prime; gutter_size=\u00a0\u00bb3&Prime; column_width_percent=\u00a0\u00bb100&Prime; shift_y=\u00a0\u00bb0&Prime; z_index=\u00a0\u00bb0&Prime; row_name=\u00a0\u00bbHello\u00a0\u00bb uncode_shortcode_id=\u00a0\u00bb148141&Prime; back_color_type=\u00a0\u00bbuncode-palette\u00a0\u00bb overlay_color_type=\u00a0\u00bbuncode-palette\u00a0\u00bb][vc_column column_width_percent=\u00a0\u00bb100&Prime; [&hellip;]<\/p>\n","protected":false},"author":20,"featured_media":7389,"parent":0,"menu_order":0,"comment_status":"closed","ping_status":"closed","template":"","meta":{"content-type":"","footnotes":""},"class_list":["post-7387","page","type-page","status-publish","has-post-thumbnail","hentry"],"jetpack_shortlink":"https:\/\/wp.me\/Pfl0yj-1V9","jetpack_sharing_enabled":true,"_links":{"self":[{"href":"https:\/\/www.veracash.com\/fr\/wp-json\/wp\/v2\/pages\/7387","targetHints":{"allow":["GET"]}}],"collection":[{"href":"https:\/\/www.veracash.com\/fr\/wp-json\/wp\/v2\/pages"}],"about":[{"href":"https:\/\/www.veracash.com\/fr\/wp-json\/wp\/v2\/types\/page"}],"author":[{"embeddable":true,"href":"https:\/\/www.veracash.com\/fr\/wp-json\/wp\/v2\/users\/20"}],"replies":[{"embeddable":true,"href":"https:\/\/www.veracash.com\/fr\/wp-json\/wp\/v2\/comments?post=7387"}],"version-history":[{"count":22,"href":"https:\/\/www.veracash.com\/fr\/wp-json\/wp\/v2\/pages\/7387\/revisions"}],"predecessor-version":[{"id":12095,"href":"https:\/\/www.veracash.com\/fr\/wp-json\/wp\/v2\/pages\/7387\/revisions\/12095"}],"wp:featuredmedia":[{"embeddable":true,"href":"https:\/\/www.veracash.com\/fr\/wp-json\/wp\/v2\/media\/7389"}],"wp:attachment":[{"href":"https:\/\/www.veracash.com\/fr\/wp-json\/wp\/v2\/media?parent=7387"}],"curies":[{"name":"wp","href":"https:\/\/api.w.org\/{rel}","templated":true}]}}