{"id":12933,"date":"2026-03-25T16:26:06","date_gmt":"2026-03-25T15:26:06","guid":{"rendered":"https:\/\/www.veracash.com\/?page_id=12933"},"modified":"2026-03-25T16:53:32","modified_gmt":"2026-03-25T15:53:32","slug":"livre-blanc-argent","status":"publish","type":"page","link":"https:\/\/www.veracash.com\/fr\/livre-blanc-argent","title":{"rendered":"Livre blanc &#8211; Argent M\u00e9tal"},"content":{"rendered":"<div class=\"wpb-content-wrapper\"><p>[vc_row row_height_percent=\u00a0\u00bb98&Prime; back_image=\u00a0\u00bb12949&Prime; back_position=\u00a0\u00bbright top\u00a0\u00bb overlay_color=\u00a0\u00bbcolor-198802&Prime; overlay_alpha=\u00a0\u00bb15&Prime; gutter_size=\u00a0\u00bb3&Prime; column_width_percent=\u00a0\u00bb100&Prime; shift_y=\u00a0\u00bb0&Prime; z_index=\u00a0\u00bb0&Prime; content_parallax=\u00a0\u00bb0&Prime; uncode_shortcode_id=\u00a0\u00bb107242&Prime; row_height_pixel=\u00a0\u00bb85dvh\u00a0\u00bb overlay_color_type=\u00a0\u00bbuncode-palette\u00a0\u00bb][vc_column column_width_percent=\u00a0\u00bb100&Prime; position_vertical=\u00a0\u00bbmiddle\u00a0\u00bb gutter_size=\u00a0\u00bb3&Prime; overlay_alpha=\u00a0\u00bb50&Prime; shift_x=\u00a0\u00bb0&Prime; shift_y=\u00a0\u00bb0&Prime; shift_y_down=\u00a0\u00bb0&Prime; z_index=\u00a0\u00bb0&Prime; medium_width=\u00a0\u00bb0&Prime; mobile_width=\u00a0\u00bb0&Prime; width=\u00a0\u00bb1\/1&Prime; uncode_shortcode_id=\u00a0\u00bb517168&Prime;][vc_row_inner row_inner_height_percent=\u00a0\u00bb0&Prime; overlay_alpha=\u00a0\u00bb50&Prime; gutter_size=\u00a0\u00bb3&Prime; shift_y=\u00a0\u00bb0&Prime; z_index=\u00a0\u00bb0&Prime; uncode_shortcode_id=\u00a0\u00bb146444&Prime;][vc_column_inner column_width_percent=\u00a0\u00bb100&Prime; position_vertical=\u00a0\u00bbmiddle\u00a0\u00bb gutter_size=\u00a0\u00bb3&Prime; style=\u00a0\u00bbdark\u00a0\u00bb overlay_alpha=\u00a0\u00bb50&Prime; shift_x=\u00a0\u00bb0&Prime; shift_y=\u00a0\u00bb0&Prime; shift_y_down=\u00a0\u00bb0&Prime; z_index=\u00a0\u00bb0&Prime; medium_width=\u00a0\u00bb0&Prime; mobile_width=\u00a0\u00bb0&Prime; width=\u00a0\u00bb1\/2&Prime; uncode_shortcode_id=\u00a0\u00bb544626&Prime;][vc_single_image media=\u00a0\u00bb9698&Prime; media_width_percent=\u00a0\u00bb100&Prime; uncode_shortcode_id=\u00a0\u00bb417943&Prime;][vc_custom_heading heading_semantic=\u00a0\u00bbh1&Prime; text_size=\u00a0\u00bbcustom\u00a0\u00bb text_weight=\u00a0\u00bb500&Prime; sub_reduced=\u00a0\u00bbyes\u00a0\u00bb uncode_shortcode_id=\u00a0\u00bb919616&Prime; heading_custom_size=\u00a0\u00bb70px\u00a0\u00bb]Livre Blanc &#8211; Tout savoir avant d&rsquo;investir dans l&rsquo;argent m\u00e9tal[\/vc_custom_heading][vc_column_text uncode_shortcode_id=\u00a0\u00bb690897&Prime;]Que vous soyez un investisseur d\u00e9butant ou exp\u00e9riment\u00e9, ce livre blanc vous fournira les connaissances essentielles pour tirer parti de ce m\u00e9tal pr\u00e9cieux et renforcer la r\u00e9silience de vos investissements.[\/vc_column_text][vc_button size=\u00a0\u00bbbtn-sm\u00a0\u00bb border_width=\u00a0\u00bb0&Prime; uncode_shortcode_id=\u00a0\u00bb864931&Prime; link=\u00a0\u00bburl:%23telecharger\u00a0\u00bb]T\u00e9l\u00e9charger le livre blanc \u2192[\/vc_button][\/vc_column_inner][vc_column_inner width=\u00a0\u00bb1\/2&Prime;][\/vc_column_inner][\/vc_row_inner][\/vc_column][\/vc_row][vc_row row_height_percent=\u00a0\u00bb10&Prime; override_padding=\u00a0\u00bbyes\u00a0\u00bb h_padding=\u00a0\u00bb2&Prime; top_padding=\u00a0\u00bb2&Prime; bottom_padding=\u00a0\u00bb2&Prime; back_color=\u00a0\u00bbcolor-189054&Prime; overlay_alpha=\u00a0\u00bb0&Prime; equal_height=\u00a0\u00bbyes\u00a0\u00bb gutter_size=\u00a0\u00bb4&Prime; column_width_percent=\u00a0\u00bb100&Prime; shift_y=\u00a0\u00bb0&Prime; z_index=\u00a0\u00bb0&Prime; content_parallax=\u00a0\u00bb0&Prime; el_class=\u00a0\u00bbinverted-device-order\u00a0\u00bb uncode_shortcode_id=\u00a0\u00bb136299&Prime; back_color_type=\u00a0\u00bbuncode-palette\u00a0\u00bb][vc_column column_width_percent=\u00a0\u00bb100&Prime; position_vertical=\u00a0\u00bbmiddle\u00a0\u00bb gutter_size=\u00a0\u00bb3&Prime; style=\u00a0\u00bbdark\u00a0\u00bb overlay_alpha=\u00a0\u00bb50&Prime; shift_x=\u00a0\u00bb0&Prime; shift_y=\u00a0\u00bb0&Prime; shift_y_down=\u00a0\u00bb0&Prime; z_index=\u00a0\u00bb0&Prime; medium_width=\u00a0\u00bb0&Prime; mobile_width=\u00a0\u00bb0&Prime; width=\u00a0\u00bb1\/1&Prime; uncode_shortcode_id=\u00a0\u00bb150606&Prime;][vc_row_inner row_inner_height_percent=\u00a0\u00bb0&Prime; overlay_alpha=\u00a0\u00bb50&Prime; gutter_size=\u00a0\u00bb3&Prime; shift_y=\u00a0\u00bb0&Prime; z_index=\u00a0\u00bb0&Prime; medium_visibility=\u00a0\u00bbyes\u00a0\u00bb mobile_visibility=\u00a0\u00bbyes\u00a0\u00bb uncode_shortcode_id=\u00a0\u00bb541984&Prime;][vc_column_inner column_width_percent=\u00a0\u00bb100&Prime; align_horizontal=\u00a0\u00bbalign_center\u00a0\u00bb gutter_size=\u00a0\u00bb3&Prime; overlay_alpha=\u00a0\u00bb50&Prime; shift_x=\u00a0\u00bb0&Prime; shift_y=\u00a0\u00bb0&Prime; shift_y_down=\u00a0\u00bb0&Prime; z_index=\u00a0\u00bb0&Prime; medium_width=\u00a0\u00bb0&Prime; mobile_width=\u00a0\u00bb0&Prime; width=\u00a0\u00bb1\/4&Prime; uncode_shortcode_id=\u00a0\u00bb602679&Prime;][vc_icon icon_image=\u00a0\u00bb12708&Prime; icon_color=\u00a0\u00bbcolor-180149&Prime; media_size=\u00a0\u00bb50&Prime; heading_semantic=\u00a0\u00bbp\u00a0\u00bb text_size=\u00a0\u00bb\u00a0\u00bb uncode_shortcode_id=\u00a0\u00bb155157&Prime; icon_color_type=\u00a0\u00bbuncode-palette\u00a0\u00bb icon_color_solid=\u00a0\u00bb#ff0000&Prime; title=\u00a0\u00bbActifs<br \/>\nsous gestion\u00a0\u00bb el_class=\u00a0\u00bbicon-box\u00a0\u00bb]<\/p>\n<h3>1 Md \u20ac<\/h3>\n<p>[\/vc_icon][\/vc_column_inner][vc_column_inner column_width_percent=\u00a0\u00bb100&Prime; align_horizontal=\u00a0\u00bbalign_center\u00a0\u00bb gutter_size=\u00a0\u00bb3&Prime; overlay_alpha=\u00a0\u00bb50&Prime; shift_x=\u00a0\u00bb0&Prime; shift_y=\u00a0\u00bb0&Prime; shift_y_down=\u00a0\u00bb0&Prime; z_index=\u00a0\u00bb0&Prime; medium_width=\u00a0\u00bb0&Prime; mobile_width=\u00a0\u00bb0&Prime; width=\u00a0\u00bb1\/4&Prime; uncode_shortcode_id=\u00a0\u00bb121580&Prime;][vc_icon icon_image=\u00a0\u00bb12706&Prime; icon_color=\u00a0\u00bbcolor-180149&Prime; media_size=\u00a0\u00bb50&Prime; heading_semantic=\u00a0\u00bbp\u00a0\u00bb text_size=\u00a0\u00bb\u00a0\u00bb uncode_shortcode_id=\u00a0\u00bb136785&Prime; icon_color_type=\u00a0\u00bbuncode-palette\u00a0\u00bb icon_color_solid=\u00a0\u00bb#ff0000&Prime; title=\u00a0\u00bbNombre<br \/>\nd\u2019utilisateurs\u00a0\u00bb el_class=\u00a0\u00bbicon-box\u00a0\u00bb]<\/p>\n<h3>+ 60 000<\/h3>\n<p>[\/vc_icon][\/vc_column_inner][vc_column_inner column_width_percent=\u00a0\u00bb100&Prime; align_horizontal=\u00a0\u00bbalign_center\u00a0\u00bb gutter_size=\u00a0\u00bb3&Prime; overlay_alpha=\u00a0\u00bb50&Prime; shift_x=\u00a0\u00bb0&Prime; shift_y=\u00a0\u00bb0&Prime; shift_y_down=\u00a0\u00bb0&Prime; z_index=\u00a0\u00bb0&Prime; medium_width=\u00a0\u00bb0&Prime; mobile_width=\u00a0\u00bb0&Prime; width=\u00a0\u00bb1\/4&Prime; uncode_shortcode_id=\u00a0\u00bb779084&Prime;][vc_icon icon_image=\u00a0\u00bb12704&Prime; icon_color=\u00a0\u00bbcolor-180149&Prime; media_size=\u00a0\u00bb50&Prime; heading_semantic=\u00a0\u00bbp\u00a0\u00bb text_size=\u00a0\u00bb\u00a0\u00bb uncode_shortcode_id=\u00a0\u00bb201729&Prime; icon_color_type=\u00a0\u00bbuncode-palette\u00a0\u00bb icon_color_solid=\u00a0\u00bb#ff0000&Prime; title=\u00a0\u00bbGroupe Fran\u00e7ais<br \/>\ndepuis\u00a0\u00bb el_class=\u00a0\u00bbicon-box\u00a0\u00bb]<\/p>\n<h3>2009<\/h3>\n<p>[\/vc_icon][\/vc_column_inner][vc_column_inner column_width_percent=\u00a0\u00bb100&Prime; align_horizontal=\u00a0\u00bbalign_center\u00a0\u00bb gutter_size=\u00a0\u00bb3&Prime; overlay_alpha=\u00a0\u00bb50&Prime; shift_x=\u00a0\u00bb0&Prime; shift_y=\u00a0\u00bb0&Prime; shift_y_down=\u00a0\u00bb0&Prime; z_index=\u00a0\u00bb0&Prime; medium_width=\u00a0\u00bb0&Prime; mobile_width=\u00a0\u00bb0&Prime; width=\u00a0\u00bb1\/4&Prime; uncode_shortcode_id=\u00a0\u00bb187365&Prime;][vc_icon icon_image=\u00a0\u00bb12702&Prime; icon_color=\u00a0\u00bbcolor-180149&Prime; media_size=\u00a0\u00bb50&Prime; heading_semantic=\u00a0\u00bbp\u00a0\u00bb text_size=\u00a0\u00bb\u00a0\u00bb uncode_shortcode_id=\u00a0\u00bb975724&Prime; icon_color_type=\u00a0\u00bbuncode-palette\u00a0\u00bb icon_color_solid=\u00a0\u00bb#ff0000&Prime; title=\u00a0\u00bbCertifications<br \/>\nISO\u00a0\u00bb el_class=\u00a0\u00bbicon-box\u00a0\u00bb]<\/p>\n<h3>9001 &amp; 27001<\/h3>\n<p>[\/vc_icon][\/vc_column_inner][\/vc_row_inner][vc_raw_html]JTNDJTIxLS0lMjBUcnVzdEJveCUyMHdpZGdldCUyMC0lMjBIb3Jpem9udGFsJTIwLS0lM0UlMEElM0NkaXYlMjBjbGFzcyUzRCUyMnRydXN0cGlsb3Qtd2lkZ2V0JTIyJTIwZGF0YS1sb2NhbGUlM0QlMjJmci1GUiUyMiUyMGRhdGEtdGVtcGxhdGUtaWQlM0QlMjI1NDA2ZTY1ZGIwZDA0YTA5ZTA0MmQ1ZmMlMjIlMjBkYXRhLWJ1c2luZXNzdW5pdC1pZCUzRCUyMjVkOTBkNDlmZDhlNjNiMDAwMWM0YWUwNiUyMiUyMGRhdGEtc3R5bGUtaGVpZ2h0JTNEJTIyMjhweCUyMiUyMGRhdGEtc3R5bGUtd2lkdGglM0QlMjIxMDAlMjUlMjIlMjBkYXRhLXRoZW1lJTNEJTIyZGFyayUyMiUzRSUwQSUyMCUyMCUzQ2ElMjBocmVmJTNEJTIyaHR0cHMlM0ElMkYlMkZmci50cnVzdHBpbG90LmNvbSUyRnJldmlldyUyRnZlcmFjYXNoLmNvbSUyMiUyMHRhcmdldCUzRCUyMl9ibGFuayUyMiUyMHJlbCUzRCUyMm5vb3BlbmVyJTIyJTNFVHJ1c3RwaWxvdCUzQyUyRmElM0UlMEElM0MlMkZkaXYlM0UlMEElM0MlMjEtLSUyMEVuZCUyMFRydXN0Qm94JTIwd2lkZ2V0JTIwLS0lM0UlMEElMEElM0NzdHlsZSUzRSUwQS5pY29uLWJveCUyMHAlMkMlMjAuaWNvbi1ib3glMjBoMyUyMCU3QiUwQSUyMCUyMCUyMCUyMGNvbG9yJTNBJTIwd2hpdGUlMjAlMjFpbXBvcnRhbnQlM0IlMEElMjAlMjAlMjAlMjBtYXJnaW4tdG9wJTNBJTIwOHB4JTNCJTBBJTdEJTBBJTNDJTJGc3R5bGUlM0U=[\/vc_raw_html][\/vc_column][\/vc_row][vc_row unlock_row=\u00a0\u00bb\u00a0\u00bb row_height_percent=\u00a0\u00bb0&Prime; override_padding=\u00a0\u00bbyes\u00a0\u00bb h_padding=\u00a0\u00bb2&Prime; top_padding=\u00a0\u00bb3&Prime; bottom_padding=\u00a0\u00bb3&Prime; overlay_alpha=\u00a0\u00bb50&Prime; gutter_size=\u00a0\u00bb4&Prime; column_width_percent=\u00a0\u00bb100&Prime; shift_y=\u00a0\u00bb0&Prime; z_index=\u00a0\u00bb0&Prime; content_parallax=\u00a0\u00bb0&Prime; el_class=\u00a0\u00bbinverted-device-order\u00a0\u00bb uncode_shortcode_id=\u00a0\u00bb209692&Prime; css=\u00a0\u00bb.vc_custom_1772462290044{padding-right: 0px !important;padding-left: 0px !important;}\u00a0\u00bb][vc_column column_width_use_pixel=\u00a0\u00bbyes\u00a0\u00bb position_vertical=\u00a0\u00bbmiddle\u00a0\u00bb gutter_size=\u00a0\u00bb3&Prime; overlay_alpha=\u00a0\u00bb50&Prime; shift_x=\u00a0\u00bb0&Prime; shift_y=\u00a0\u00bb0&Prime; shift_y_down=\u00a0\u00bb0&Prime; z_index=\u00a0\u00bb0&Prime; medium_width=\u00a0\u00bb6&Prime; mobile_width=\u00a0\u00bb7&Prime; width=\u00a0\u00bb1\/2&Prime; column_width_pixel=\u00a0\u00bb900&Prime; uncode_shortcode_id=\u00a0\u00bb726245&Prime;][vc_custom_heading text_size=\u00a0\u00bbh1&Prime; uncode_shortcode_id=\u00a0\u00bb325274&Prime;]\u00c0 d\u00e9couvrir :[\/vc_custom_heading][vc_custom_heading heading_semantic=\u00a0\u00bbh3&Prime; text_size=\u00a0\u00bbh3&Prime; uncode_shortcode_id=\u00a0\u00bb651073&Prime;]Partie 1. Pourquoi acheter de l&rsquo;argent ?[\/vc_custom_heading][vc_column_text uncode_shortcode_id=\u00a0\u00bb206279&Prime; css=\u00a0\u00bb.vc_custom_1772459136173{margin-top: 16px !important;}\u00a0\u00bb]A. L&rsquo;argent comme valeur refuge compl\u00e9mentaire \u00e0 l&rsquo;or<br \/>\nB. L&rsquo;argent, m\u00e9tal plus industriel que l&rsquo;or<br \/>\nC. La fiscalit\u00e9 de l&rsquo;argent \u00e0 l&rsquo;achat et \u00e0 la revente[\/vc_column_text][vc_custom_heading heading_semantic=\u00a0\u00bbh3&Prime; text_size=\u00a0\u00bbh3&Prime; uncode_shortcode_id=\u00a0\u00bb160157&Prime;]Partie 2. Ce qu&rsquo;il faut savoir sur le cours de l&rsquo;argent[\/vc_custom_heading][vc_column_text uncode_shortcode_id=\u00a0\u00bb856906&Prime; css=\u00a0\u00bb.vc_custom_1772459149856{margin-top: 16px !important;}\u00a0\u00bb]A. Comment le cours de l&rsquo;argent est-il d\u00e9termin\u00e9 ?<br \/>\nB. Ce qu&rsquo;il faut savoir sur les \u00e9volutions du cours de l&rsquo;argent depuis 20 ans[\/vc_column_text][vc_custom_heading heading_semantic=\u00a0\u00bbh3&Prime; text_size=\u00a0\u00bbh3&Prime; uncode_shortcode_id=\u00a0\u00bb897735&Prime;]Partie 3. Sous quelle forme et quand acheter de l&rsquo;argent ?[\/vc_custom_heading][vc_column_text uncode_shortcode_id=\u00a0\u00bb677828&Prime; css=\u00a0\u00bb.vc_custom_1772459161253{margin-top: 16px !important;}\u00a0\u00bb]A. L&rsquo;argent papier<br \/>\nB. L&rsquo;argent physique<br \/>\nC. L&rsquo;argent num\u00e9ris\u00e9<br \/>\nD. \u00c0 quel moment acheter de l&rsquo;argent ?[\/vc_column_text][\/vc_column][vc_column column_width_percent=\u00a0\u00bb100&Prime; gutter_size=\u00a0\u00bb3&Prime; overlay_alpha=\u00a0\u00bb50&Prime; shift_x=\u00a0\u00bb0&Prime; shift_y=\u00a0\u00bb0&Prime; shift_y_down=\u00a0\u00bb0&Prime; z_index=\u00a0\u00bb0&Prime; medium_width=\u00a0\u00bb5&Prime; mobile_width=\u00a0\u00bb7&Prime; sticky=\u00a0\u00bbyes\u00a0\u00bb width=\u00a0\u00bb1\/2&Prime; uncode_shortcode_id=\u00a0\u00bb115571&Prime;][vc_single_image media=\u00a0\u00bb12935&Prime; media_width_percent=\u00a0\u00bb100&Prime; shape=\u00a0\u00bbimg-round\u00a0\u00bb radius=\u00a0\u00bbstd\u00a0\u00bb uncode_shortcode_id=\u00a0\u00bb110761&Prime;][\/vc_column][\/vc_row][vc_row row_height_percent=\u00a0\u00bb0&Prime; override_padding=\u00a0\u00bbyes\u00a0\u00bb h_padding=\u00a0\u00bb2&Prime; top_padding=\u00a0\u00bb3&Prime; bottom_padding=\u00a0\u00bb3&Prime; overlay_alpha=\u00a0\u00bb50&Prime; gutter_size=\u00a0\u00bb3&Prime; column_width_percent=\u00a0\u00bb100&Prime; shift_y=\u00a0\u00bb0&Prime; z_index=\u00a0\u00bb0&Prime; content_parallax=\u00a0\u00bb0&Prime; uncode_shortcode_id=\u00a0\u00bb195856&Prime; back_color_type=\u00a0\u00bbuncode-solid\u00a0\u00bb back_color_solid=\u00a0\u00bb#efefe9&Prime; el_id=\u00a0\u00bbtelecharger\u00a0\u00bb][vc_column width=\u00a0\u00bb1\/1&Prime;][vc_row_inner][vc_column_inner width=\u00a0\u00bb7\/12&Prime;][vc_custom_heading text_size=\u00a0\u00bbh1&Prime; uncode_shortcode_id=\u00a0\u00bb348725&Prime;]T\u00e9l\u00e9chargez votre livre blanc maintenant ![\/vc_custom_heading][vc_raw_html]JTNDc2NyaXB0JTIwY2hhcnNldCUzRCUyMnV0Zi04JTIyJTIwdHlwZSUzRCUyMnRleHQlMkZqYXZhc2NyaXB0JTIyJTIwc3JjJTNEJTIyJTJGJTJGanMuaHNmb3Jtcy5uZXQlMkZmb3JtcyUyRmVtYmVkJTJGdjIuanMlMjIlM0UlM0MlMkZzY3JpcHQlM0UlMEElM0NzY3JpcHQlM0UlMEElMjAlMjBoYnNwdC5mb3Jtcy5jcmVhdGUlMjglN0IlMEElMjAlMjAlMjAlMjBwb3J0YWxJZCUzQSUyMCUyMjIxMDA5OTUlMjIlMkMlMEElMjAlMjAlMjAlMjBmb3JtSWQlM0ElMjAlMjIzZjZkM2FlYi01YTEzLTQxNzYtYmY3Ny1lZjBhMGYzOGY0ODklMjIlMkMlMEElMjAlMjAlMjAlMjByZWdpb24lM0ElMjAlMjJuYTElMjIlMEElMjAlMjAlN0QlMjklM0IlMEElM0MlMkZzY3JpcHQlM0U=[\/vc_raw_html][\/vc_column_inner][vc_column_inner column_width_percent=\u00a0\u00bb100&Prime; gutter_size=\u00a0\u00bb3&Prime; expand_height=\u00a0\u00bbyes\u00a0\u00bb back_image=\u00a0\u00bb13400&Prime; overlay_alpha=\u00a0\u00bb50&Prime; radius=\u00a0\u00bblg\u00a0\u00bb shift_x=\u00a0\u00bb0&Prime; shift_y=\u00a0\u00bb0&Prime; shift_y_down=\u00a0\u00bb0&Prime; z_index=\u00a0\u00bb0&Prime; medium_visibility=\u00a0\u00bbyes\u00a0\u00bb medium_width=\u00a0\u00bb0&Prime; mobile_visibility=\u00a0\u00bbyes\u00a0\u00bb mobile_width=\u00a0\u00bb0&Prime; width=\u00a0\u00bb5\/12&Prime; uncode_shortcode_id=\u00a0\u00bb684150&Prime;][\/vc_column_inner][\/vc_row_inner][\/vc_column][\/vc_row][vc_row row_height_percent=\u00a0\u00bb0&Prime; override_padding=\u00a0\u00bbyes\u00a0\u00bb h_padding=\u00a0\u00bb2&Prime; top_padding=\u00a0\u00bb2&Prime; bottom_padding=\u00a0\u00bb4&Prime; overlay_alpha=\u00a0\u00bb50&Prime; gutter_size=\u00a0\u00bb3&Prime; column_width_percent=\u00a0\u00bb100&Prime; shift_y=\u00a0\u00bb0&Prime; z_index=\u00a0\u00bb0&Prime; content_parallax=\u00a0\u00bb0&Prime; uncode_shortcode_id=\u00a0\u00bb120380&Prime;][vc_column column_width_percent=\u00a0\u00bb100&Prime; align_horizontal=\u00a0\u00bbalign_center\u00a0\u00bb gutter_size=\u00a0\u00bb3&Prime; overlay_alpha=\u00a0\u00bb50&Prime; shift_x=\u00a0\u00bb0&Prime; shift_y=\u00a0\u00bb0&Prime; shift_y_down=\u00a0\u00bb0&Prime; z_index=\u00a0\u00bb0&Prime; medium_width=\u00a0\u00bb0&Prime; mobile_width=\u00a0\u00bb0&Prime; width=\u00a0\u00bb1\/1&Prime; uncode_shortcode_id=\u00a0\u00bb674464&Prime;][vc_custom_heading text_size=\u00a0\u00bbh1&Prime; uncode_shortcode_id=\u00a0\u00bb137333&Prime;]Nos clients nous font confiance, pourquoi pas vous ?[\/vc_custom_heading][vc_raw_html]JTNDJTIxLS0lMjBUcnVzdEJveCUyMHdpZGdldCUyMC0lMjBTbGlkZXIlMjAtLSUzRSUwQSUzQ2RpdiUyMGNsYXNzJTNEJTIydHJ1c3RwaWxvdC13aWRnZXQlMjIlMjBkYXRhLWxvY2FsZSUzRCUyMmZyLUZSJTIyJTIwZGF0YS10ZW1wbGF0ZS1pZCUzRCUyMjU0YWQ1ZGVmYzY0NTRmMDY1YzI4YWY4YiUyMiUyMGRhdGEtYnVzaW5lc3N1bml0LWlkJTNEJTIyNWQ5MGQ0OWZkOGU2M2IwMDAxYzRhZTA2JTIyJTIwZGF0YS1zdHlsZS1oZWlnaHQlM0QlMjIyNDBweCUyMiUyMGRhdGEtc3R5bGUtd2lkdGglM0QlMjIxMDAlMjUlMjIlMjBkYXRhLXRva2VuJTNEJTIyYmRiYTQ3NGYtYWIwZi00ODQ4LTliOTItMzQzZDU3ZjFkNjkxJTIyJTIwZGF0YS1zdGFycyUzRCUyMjUlMjIlMjBkYXRhLXJldmlldy1sYW5ndWFnZXMlM0QlMjJmciUyMiUzRSUwQSUyMCUyMCUzQ2ElMjBocmVmJTNEJTIyaHR0cHMlM0ElMkYlMkZmci50cnVzdHBpbG90LmNvbSUyRnJldmlldyUyRnZlcmFjYXNoLmNvbSUyMiUyMHRhcmdldCUzRCUyMl9ibGFuayUyMiUyMHJlbCUzRCUyMm5vb3BlbmVyJTIyJTNFVHJ1c3RwaWxvdCUzQyUyRmElM0UlMEElM0MlMkZkaXYlM0UlMEElM0MlMjEtLSUyMEVuZCUyMFRydXN0Qm94JTIwd2lkZ2V0JTIwLS0lM0U=[\/vc_raw_html][vc_button button_color=\u00a0\u00bbcolor-198802&Prime; size=\u00a0\u00bbbtn-sm\u00a0\u00bb border_width=\u00a0\u00bb0&Prime; link=\u00a0\u00bburl:%23telecharger|title:T%C3%A9l%C3%A9charger%20le%20livre%20blanc\u00a0\u00bb uncode_shortcode_id=\u00a0\u00bb557264&Prime; button_color_type=\u00a0\u00bbuncode-palette\u00a0\u00bb]T\u00e9l\u00e9charger le livre blanc \u2192[\/vc_button][\/vc_column][\/vc_row]<\/p>\n<\/div>","protected":false},"excerpt":{"rendered":"<p>[vc_row row_height_percent=\u00a0\u00bb98&Prime; back_image=\u00a0\u00bb12949&Prime; back_position=\u00a0\u00bbright top\u00a0\u00bb overlay_color=\u00a0\u00bbcolor-198802&Prime; overlay_alpha=\u00a0\u00bb15&Prime; gutter_size=\u00a0\u00bb3&Prime; column_width_percent=\u00a0\u00bb100&Prime; shift_y=\u00a0\u00bb0&Prime; z_index=\u00a0\u00bb0&Prime; content_parallax=\u00a0\u00bb0&Prime; uncode_shortcode_id=\u00a0\u00bb107242&Prime; row_height_pixel=\u00a0\u00bb85dvh\u00a0\u00bb overlay_color_type=\u00a0\u00bbuncode-palette\u00a0\u00bb][vc_column column_width_percent=\u00a0\u00bb100&Prime; position_vertical=\u00a0\u00bbmiddle\u00a0\u00bb gutter_size=\u00a0\u00bb3&Prime; overlay_alpha=\u00a0\u00bb50&Prime; shift_x=\u00a0\u00bb0&Prime; [&hellip;]<\/p>\n","protected":false},"author":29,"featured_media":0,"parent":0,"menu_order":0,"comment_status":"closed","ping_status":"closed","template":"","meta":{"content-type":"","footnotes":""},"class_list":["post-12933","page","type-page","status-publish","hentry"],"jetpack_shortlink":"https:\/\/wp.me\/Pfl0yj-3mB","jetpack_sharing_enabled":true,"_links":{"self":[{"href":"https:\/\/www.veracash.com\/fr\/wp-json\/wp\/v2\/pages\/12933","targetHints":{"allow":["GET"]}}],"collection":[{"href":"https:\/\/www.veracash.com\/fr\/wp-json\/wp\/v2\/pages"}],"about":[{"href":"https:\/\/www.veracash.com\/fr\/wp-json\/wp\/v2\/types\/page"}],"author":[{"embeddable":true,"href":"https:\/\/www.veracash.com\/fr\/wp-json\/wp\/v2\/users\/29"}],"replies":[{"embeddable":true,"href":"https:\/\/www.veracash.com\/fr\/wp-json\/wp\/v2\/comments?post=12933"}],"version-history":[{"count":36,"href":"https:\/\/www.veracash.com\/fr\/wp-json\/wp\/v2\/pages\/12933\/revisions"}],"predecessor-version":[{"id":13403,"href":"https:\/\/www.veracash.com\/fr\/wp-json\/wp\/v2\/pages\/12933\/revisions\/13403"}],"wp:attachment":[{"href":"https:\/\/www.veracash.com\/fr\/wp-json\/wp\/v2\/media?parent=12933"}],"curies":[{"name":"wp","href":"https:\/\/api.w.org\/{rel}","templated":true}]}}