{"id":10550,"date":"2025-03-17T17:23:26","date_gmt":"2025-03-17T16:23:26","guid":{"rendered":"https:\/\/www.veracash.com\/?page_id=10550"},"modified":"2025-03-20T16:18:20","modified_gmt":"2025-03-20T15:18:20","slug":"education-financiere","status":"publish","type":"page","link":"https:\/\/www.veracash.com\/fr\/education-financiere","title":{"rendered":"\u00c9ducation financi\u00e8re"},"content":{"rendered":"<div class=\"wpb-content-wrapper\"><p>[vc_row row_height_percent=\u00a0\u00bb90&Prime; back_image=\u00a0\u00bb10557&Prime; parallax=\u00a0\u00bbyes\u00a0\u00bb overlay_color=\u00a0\u00bbcolor-198802&Prime; overlay_alpha=\u00a0\u00bb15&Prime; gutter_size=\u00a0\u00bb3&Prime; column_width_percent=\u00a0\u00bb100&Prime; shift_y=\u00a0\u00bb0&Prime; z_index=\u00a0\u00bb0&Prime; content_parallax=\u00a0\u00bb0&Prime; uncode_shortcode_id=\u00a0\u00bb108271&Prime; overlay_color_type=\u00a0\u00bbuncode-palette\u00a0\u00bb][vc_column column_width_percent=\u00a0\u00bb100&Prime; position_vertical=\u00a0\u00bbmiddle\u00a0\u00bb gutter_size=\u00a0\u00bb3&Prime; style=\u00a0\u00bbdark\u00a0\u00bb overlay_alpha=\u00a0\u00bb50&Prime; shift_x=\u00a0\u00bb0&Prime; shift_y=\u00a0\u00bb0&Prime; shift_y_down=\u00a0\u00bb0&Prime; z_index=\u00a0\u00bb0&Prime; medium_width=\u00a0\u00bb0&Prime; mobile_width=\u00a0\u00bb0&Prime; width=\u00a0\u00bb2\/3&Prime; uncode_shortcode_id=\u00a0\u00bb968998&Prime;][vc_custom_heading heading_semantic=\u00a0\u00bbh1&Prime; text_size=\u00a0\u00bbh1&Prime; sub_reduced=\u00a0\u00bbyes\u00a0\u00bb uncode_shortcode_id=\u00a0\u00bb155104&Prime; subheading=\u00a0\u00bbUn bon investisseur est un investisseur \u00e9clair\u00e9 ! Et pour vous accompagner dans votre exp\u00e9rience d&rsquo;\u00e9pargne et de diversification de votre patrimoine, Veracash vous propose des ressources de p\u00e9dagogie, d&rsquo;\u00e9clairage sur les notions et l&rsquo;actualit\u00e9 \u00e9conomique et financi\u00e8re. Chaque niveau se compose de 4 parties : m\u00e9taux pr\u00e9cieux, \u00e9conomie, consommation et \u00e9pargne.\u00a0\u00bb]Apprendre \u00e0 tout \u00e2ge,<br \/>\net investir intelligemment[\/vc_custom_heading][vc_row_inner row_inner_height_percent=\u00a0\u00bb0&Prime; overlay_alpha=\u00a0\u00bb50&Prime; equal_height=\u00a0\u00bbyes\u00a0\u00bb gutter_size=\u00a0\u00bb3&Prime; shift_y=\u00a0\u00bb0&Prime; z_index=\u00a0\u00bb0&Prime; uncode_shortcode_id=\u00a0\u00bb102606&Prime;][vc_column_inner column_width_percent=\u00a0\u00bb100&Prime; gutter_size=\u00a0\u00bb3&Prime; overlay_alpha=\u00a0\u00bb50&Prime; shift_x=\u00a0\u00bb0&Prime; shift_y=\u00a0\u00bb0&Prime; shift_y_down=\u00a0\u00bb0&Prime; z_index=\u00a0\u00bb0&Prime; medium_width=\u00a0\u00bb0&Prime; mobile_width=\u00a0\u00bb0&Prime; width=\u00a0\u00bb1\/4&Prime; uncode_shortcode_id=\u00a0\u00bb167404&Prime;][vc_button size=\u00a0\u00bbbtn-sm\u00a0\u00bb wide=\u00a0\u00bbyes\u00a0\u00bb border_width=\u00a0\u00bb0&Prime; lbox_skin=\u00a0\u00bbwhite\u00a0\u00bb uncode_shortcode_id=\u00a0\u00bb571469&Prime; link=\u00a0\u00bburl:%23metaux|title:aller%20vers%20la%20section%20d%C3%A9butant\u00a0\u00bb]D\u00e9butant[\/vc_button][\/vc_column_inner][vc_column_inner column_width_percent=\u00a0\u00bb100&Prime; gutter_size=\u00a0\u00bb1&Prime; overlay_alpha=\u00a0\u00bb50&Prime; shift_x=\u00a0\u00bb0&Prime; shift_y=\u00a0\u00bb0&Prime; shift_y_down=\u00a0\u00bb0&Prime; z_index=\u00a0\u00bb0&Prime; medium_width=\u00a0\u00bb0&Prime; mobile_width=\u00a0\u00bb0&Prime; width=\u00a0\u00bb1\/4&Prime; uncode_shortcode_id=\u00a0\u00bb465335&Prime;][vc_button size=\u00a0\u00bbbtn-sm\u00a0\u00bb wide=\u00a0\u00bbyes\u00a0\u00bb border_width=\u00a0\u00bb0&Prime; uncode_shortcode_id=\u00a0\u00bb153960&Prime; link=\u00a0\u00bburl:https%3A%2F%2Fwww.veracash.com%2Ffr%2Feducation-financiere%2Fintermediaire|title:Niveau%20interm%C3%A9diaire\u00a0\u00bb]Interm\u00e9diaire[\/vc_button][\/vc_column_inner][vc_column_inner column_width_percent=\u00a0\u00bb100&Prime; gutter_size=\u00a0\u00bb1&Prime; overlay_alpha=\u00a0\u00bb50&Prime; shift_x=\u00a0\u00bb0&Prime; shift_y=\u00a0\u00bb0&Prime; shift_y_down=\u00a0\u00bb0&Prime; z_index=\u00a0\u00bb0&Prime; medium_width=\u00a0\u00bb0&Prime; mobile_width=\u00a0\u00bb0&Prime; width=\u00a0\u00bb1\/4&Prime; uncode_shortcode_id=\u00a0\u00bb645256&Prime;][vc_button size=\u00a0\u00bbbtn-sm\u00a0\u00bb wide=\u00a0\u00bbyes\u00a0\u00bb border_width=\u00a0\u00bb0&Prime; uncode_shortcode_id=\u00a0\u00bb109796&Prime; link=\u00a0\u00bburl:https%3A%2F%2Fwww.veracash.com%2Ffr%2Feducation-financiere%2Favance|title:Niveau%20avanc%C3%A9&Prime;]Avanc\u00e9[\/vc_button][\/vc_column_inner][vc_column_inner column_width_percent=\u00a0\u00bb100&Prime; gutter_size=\u00a0\u00bb1&Prime; overlay_alpha=\u00a0\u00bb50&Prime; shift_x=\u00a0\u00bb0&Prime; shift_y=\u00a0\u00bb0&Prime; shift_y_down=\u00a0\u00bb0&Prime; z_index=\u00a0\u00bb0&Prime; medium_width=\u00a0\u00bb0&Prime; mobile_width=\u00a0\u00bb0&Prime; width=\u00a0\u00bb1\/4&Prime; uncode_shortcode_id=\u00a0\u00bb197159&Prime;][vc_button size=\u00a0\u00bbbtn-sm\u00a0\u00bb wide=\u00a0\u00bbyes\u00a0\u00bb border_width=\u00a0\u00bb0&Prime; uncode_shortcode_id=\u00a0\u00bb634087&Prime; link=\u00a0\u00bburl:https%3A%2F%2Fwww.veracash.com%2Ffr%2Feducation-financiere%2Fexpert|title:Niveau%20expert\u00a0\u00bb]Expert[\/vc_button][\/vc_column_inner][\/vc_row_inner][\/vc_column][vc_column width=\u00a0\u00bb1\/3&Prime;][\/vc_column][\/vc_row][vc_row][vc_column column_width_percent=\u00a0\u00bb100&Prime; position_vertical=\u00a0\u00bbmiddle\u00a0\u00bb gutter_size=\u00a0\u00bb3&Prime; overlay_alpha=\u00a0\u00bb50&Prime; shift_x=\u00a0\u00bb0&Prime; shift_y=\u00a0\u00bb0&Prime; shift_y_down=\u00a0\u00bb0&Prime; z_index=\u00a0\u00bb0&Prime; medium_width=\u00a0\u00bb0&Prime; mobile_width=\u00a0\u00bb0&Prime; width=\u00a0\u00bb1\/2&Prime; uncode_shortcode_id=\u00a0\u00bb168888&Prime;][vc_custom_heading sub_reduced=\u00a0\u00bbyes\u00a0\u00bb uncode_shortcode_id=\u00a0\u00bb782334&Prime; subheading=\u00a0\u00bbVous d\u00e9butez dans l&rsquo;\u00e9pargne ou l&rsquo;investissement et vous ne savez pas par o\u00f9 commencer ?<br \/>\nOn fixe ensemble les bases des savoirs \u00e0 assimiler !\u00a0\u00bb text_color_type=\u00a0\u00bbuncode-palette\u00a0\u00bb text_color_solid=\u00a0\u00bb#ff0000&Prime;]Entamer une approche dans le monde de l&rsquo;\u00e9conomie et de la finance[\/vc_custom_heading][vc_column_text text_lead=\u00a0\u00bbyes\u00a0\u00bb uncode_shortcode_id=\u00a0\u00bb203849&Prime;]<\/p>\n<ul>\n<li><strong><a href=\"#metaux\">M\u00e9taux pr\u00e9cieux<\/a><\/strong><\/li>\n<li><strong><a href=\"#economie\">\u00c9conomie<\/a><\/strong><\/li>\n<li><strong><a href=\"#consommation\">Consommation<\/a><\/strong><\/li>\n<li><strong><a href=\"#epargne\">\u00c9pargne<\/a><\/strong><\/li>\n<li><strong><a href=\"#quizz\">Testez vos connaissances<\/a><\/strong><\/li>\n<\/ul>\n<p>[\/vc_column_text][\/vc_column][vc_column width=\u00a0\u00bb1\/2&Prime;][vc_single_image media=\u00a0\u00bb10567&Prime; media_width_percent=\u00a0\u00bb100&Prime; shape=\u00a0\u00bbimg-round\u00a0\u00bb radius=\u00a0\u00bbstd\u00a0\u00bb uncode_shortcode_id=\u00a0\u00bb812400&Prime;][\/vc_column][\/vc_row][vc_row row_height_percent=\u00a0\u00bb0&Prime; overlay_alpha=\u00a0\u00bb50&Prime; gutter_size=\u00a0\u00bb3&Prime; column_width_percent=\u00a0\u00bb100&Prime; shift_y=\u00a0\u00bb0&Prime; z_index=\u00a0\u00bb0&Prime; content_parallax=\u00a0\u00bb0&Prime; uncode_shortcode_id=\u00a0\u00bb129317&Prime; row_name=\u00a0\u00bbmetaux\u00a0\u00bb][vc_column column_width_percent=\u00a0\u00bb100&Prime; position_vertical=\u00a0\u00bbmiddle\u00a0\u00bb gutter_size=\u00a0\u00bb3&Prime; back_color=\u00a0\u00bbcolor-128411&Prime; overlay_alpha=\u00a0\u00bb50&Prime; radius=\u00a0\u00bbsm\u00a0\u00bb shift_x=\u00a0\u00bb0&Prime; shift_y=\u00a0\u00bb0&Prime; shift_y_down=\u00a0\u00bb0&Prime; z_index=\u00a0\u00bb0&Prime; medium_width=\u00a0\u00bb0&Prime; mobile_width=\u00a0\u00bb0&Prime; width=\u00a0\u00bb1\/1&Prime; uncode_shortcode_id=\u00a0\u00bb894168&Prime; back_color_type=\u00a0\u00bbuncode-palette\u00a0\u00bb][vc_row_inner][vc_column_inner column_width_percent=\u00a0\u00bb100&Prime; position_vertical=\u00a0\u00bbmiddle\u00a0\u00bb gutter_size=\u00a0\u00bb3&Prime; overlay_alpha=\u00a0\u00bb50&Prime; shift_x=\u00a0\u00bb0&Prime; shift_y=\u00a0\u00bb0&Prime; shift_y_down=\u00a0\u00bb0&Prime; z_index=\u00a0\u00bb0&Prime; medium_width=\u00a0\u00bb0&Prime; mobile_width=\u00a0\u00bb0&Prime; sticky=\u00a0\u00bbyes\u00a0\u00bb width=\u00a0\u00bb1\/4&Prime; uncode_shortcode_id=\u00a0\u00bb135042&Prime;][vc_custom_heading heading_semantic=\u00a0\u00bbp\u00a0\u00bb text_size=\u00a0\u00bb\u00a0\u00bb text_weight=\u00a0\u00bb600&Prime; badge_style=\u00a0\u00bbyes\u00a0\u00bb back_color=\u00a0\u00bbcolor-299303&Prime; radius=\u00a0\u00bbstd\u00a0\u00bb uncode_shortcode_id=\u00a0\u00bb623738&Prime; back_color_type=\u00a0\u00bbuncode-palette\u00a0\u00bb]Articles[\/vc_custom_heading][vc_custom_heading heading_semantic=\u00a0\u00bbh3&Prime; uncode_shortcode_id=\u00a0\u00bb105911&Prime; subheading=\u00a0\u00bbL&rsquo;or et l&rsquo;argent ont de tout temps \u00e9t\u00e9 utilis\u00e9s comme monnaie d&rsquo;\u00e9change \u00e0 travers le monde. Pourquoi ? Parcourez nos ressources pour en savoir plus.\u00a0\u00bb]M\u00e9taux pr\u00e9cieux : pourquoi est-ce pertinent en termes d&rsquo;\u00e9pargne ?[\/vc_custom_heading][\/vc_column_inner][vc_column_inner column_width_percent=\u00a0\u00bb100&Prime; position_vertical=\u00a0\u00bbmiddle\u00a0\u00bb gutter_size=\u00a0\u00bb0&Prime; overlay_alpha=\u00a0\u00bb50&Prime; shift_x=\u00a0\u00bb0&Prime; shift_y=\u00a0\u00bb0&Prime; shift_y_down=\u00a0\u00bb0&Prime; z_index=\u00a0\u00bb0&Prime; medium_width=\u00a0\u00bb0&Prime; mobile_width=\u00a0\u00bb0&Prime; width=\u00a0\u00bb3\/4&Prime; uncode_shortcode_id=\u00a0\u00bb136008&Prime;][vc_column_text uncode_shortcode_id=\u00a0\u00bb148627&Prime;]<a href=\"https:\/\/www.veracash.com\/fr\/blog\/quelles-sont-les-origines-or\">Quelles sont les origines de l\u2019or ?<\/a><br \/>\n<a href=\"https:\/\/www.veracash.com\/fr\/blog\/quelles-sont-les-origines-argent-metal\">Quelles sont les origines de l\u2019argent m\u00e9tal ?<\/a><br \/>\n<a href=\"https:\/\/www.veracash.com\/fr\/blog\/achat-or-banques-centrales\">Pourquoi des banques centrales ach\u00e8tent des tonnes d\u2019or ?<\/a><br \/>\n<a href=\"https:\/\/www.veracash.com\/fr\/blog\/4-conseils-vendre-or-meilleur-prix\">4 conseils pour vendre son or au meilleur prix<\/a><br \/>\n<a href=\"https:\/\/www.veracash.com\/fr\/blog\/placer-sur-or-est-ce-rentable\">Placer sur l\u2019or, est-ce rentable ?<\/a><br \/>\n<a href=\"https:\/\/www.veracash.com\/fr\/blog\/or-est-il-un-actif-speculatif\">L\u2019or est-il un actif sp\u00e9culatif ?<\/a><br \/>\n<a href=\"https:\/\/www.veracash.com\/fr\/blog\/acheter-or-en-boutique-ou-sur-une-plateforme\">Acheter de l\u2019or : en boutique ou sur une plateforme ?<\/a><br \/>\n<a href=\"https:\/\/www.veracash.com\/fr\/blog\/10-bonnes-raisons-investir-dans-or\">10 bonnes raisons d\u2019investir dans l\u2019or<\/a>[\/vc_column_text][\/vc_column_inner][\/vc_row_inner][\/vc_column][\/vc_row][vc_row row_height_percent=\u00a0\u00bb0&Prime; overlay_alpha=\u00a0\u00bb50&Prime; gutter_size=\u00a0\u00bb3&Prime; column_width_percent=\u00a0\u00bb100&Prime; shift_y=\u00a0\u00bb0&Prime; z_index=\u00a0\u00bb0&Prime; content_parallax=\u00a0\u00bb0&Prime; uncode_shortcode_id=\u00a0\u00bb950626&Prime; row_name=\u00a0\u00bbeconomie\u00a0\u00bb][vc_column column_width_percent=\u00a0\u00bb100&Prime; position_vertical=\u00a0\u00bbmiddle\u00a0\u00bb gutter_size=\u00a0\u00bb3&Prime; back_color=\u00a0\u00bbcolor-128411&Prime; overlay_alpha=\u00a0\u00bb50&Prime; radius=\u00a0\u00bbsm\u00a0\u00bb shift_x=\u00a0\u00bb0&Prime; shift_y=\u00a0\u00bb0&Prime; shift_y_down=\u00a0\u00bb0&Prime; z_index=\u00a0\u00bb0&Prime; medium_width=\u00a0\u00bb0&Prime; mobile_width=\u00a0\u00bb0&Prime; width=\u00a0\u00bb1\/1&Prime; uncode_shortcode_id=\u00a0\u00bb166863&Prime; back_color_type=\u00a0\u00bbuncode-palette\u00a0\u00bb][vc_row_inner][vc_column_inner column_width_percent=\u00a0\u00bb100&Prime; position_vertical=\u00a0\u00bbmiddle\u00a0\u00bb gutter_size=\u00a0\u00bb3&Prime; overlay_alpha=\u00a0\u00bb50&Prime; shift_x=\u00a0\u00bb0&Prime; shift_y=\u00a0\u00bb0&Prime; shift_y_down=\u00a0\u00bb0&Prime; z_index=\u00a0\u00bb0&Prime; medium_width=\u00a0\u00bb0&Prime; mobile_width=\u00a0\u00bb0&Prime; width=\u00a0\u00bb1\/4&Prime; uncode_shortcode_id=\u00a0\u00bb326682&Prime;][vc_custom_heading heading_semantic=\u00a0\u00bbp\u00a0\u00bb text_size=\u00a0\u00bb\u00a0\u00bb text_weight=\u00a0\u00bb600&Prime; badge_style=\u00a0\u00bbyes\u00a0\u00bb back_color=\u00a0\u00bbcolor-701050&Prime; radius=\u00a0\u00bbstd\u00a0\u00bb uncode_shortcode_id=\u00a0\u00bb194468&Prime; back_color_type=\u00a0\u00bbuncode-palette\u00a0\u00bb]Podcast[\/vc_custom_heading][vc_custom_heading heading_semantic=\u00a0\u00bbh3&Prime; uncode_shortcode_id=\u00a0\u00bb891203&Prime; subheading=\u00a0\u00bbIls ont fait la une de l&rsquo;actualit\u00e9 mais comment fonctionne ce m\u00e9canisme ? Tous nos articles sur le sujet.\u00a0\u00bb]\u00c9conomie : l&rsquo;impact des taux d&rsquo;int\u00e9r\u00eat[\/vc_custom_heading][\/vc_column_inner][vc_column_inner column_width_percent=\u00a0\u00bb100&Prime; position_vertical=\u00a0\u00bbmiddle\u00a0\u00bb gutter_size=\u00a0\u00bb3&Prime; override_padding=\u00a0\u00bbyes\u00a0\u00bb column_padding=\u00a0\u00bb2&Prime; overlay_alpha=\u00a0\u00bb50&Prime; shift_x=\u00a0\u00bb0&Prime; shift_y=\u00a0\u00bb0&Prime; shift_y_down=\u00a0\u00bb0&Prime; z_index=\u00a0\u00bb0&Prime; medium_width=\u00a0\u00bb0&Prime; mobile_width=\u00a0\u00bb0&Prime; width=\u00a0\u00bb3\/4&Prime; uncode_shortcode_id=\u00a0\u00bb988614&Prime;][vc_raw_html]JTNDaWZyYW1lJTIwc3JjJTNEJTIyaHR0cHMlM0ElMkYlMkZlbWJlZC5hY2FzdC5jb20lMkY2NjYwMjhmMjQ2Y2Y0NjAwMTJmOGVjNmUlMkY2NmU0NGEyZWMwOWEyNDRiOGMwNzZlOTYlM0Z0aGVtZSUzRGxpZ2h0JTI2Zm9udC1mYW1pbHklM0RJbnN0cnVtZW50JTI1MjBTYW5zJTI2Zm9udC1zcmMlM0RodHRwcyUyNTNBJTI1MkYlMjUyRmZvbnRzLmdvb2dsZWFwaXMuY29tJTI1MkZjc3MlMjUzRmZhbWlseSUyNTNESW5zdHJ1bWVudCUyNTJCU2FucyUyMiUyMGZyYW1lQm9yZGVyJTNEJTIyMCUyMiUyMHdpZHRoJTNEJTIyMTAwJTI1JTIyJTIwaGVpZ2h0JTNEJTIyMTkwcHglMjIlM0UlM0MlMkZpZnJhbWUlM0U=[\/vc_raw_html][\/vc_column_inner][\/vc_row_inner][\/vc_column][\/vc_row][vc_row][vc_column width=\u00a0\u00bb1\/1&Prime;][uncode_block id=\u00a0\u00bb9783&Prime;][\/vc_column][\/vc_row][vc_row row_height_percent=\u00a0\u00bb0&Prime; overlay_alpha=\u00a0\u00bb50&Prime; gutter_size=\u00a0\u00bb3&Prime; column_width_percent=\u00a0\u00bb100&Prime; shift_y=\u00a0\u00bb0&Prime; z_index=\u00a0\u00bb0&Prime; content_parallax=\u00a0\u00bb0&Prime; uncode_shortcode_id=\u00a0\u00bb177158&Prime; row_name=\u00a0\u00bbconsommation\u00a0\u00bb][vc_column column_width_percent=\u00a0\u00bb100&Prime; position_vertical=\u00a0\u00bbmiddle\u00a0\u00bb gutter_size=\u00a0\u00bb3&Prime; back_color=\u00a0\u00bbcolor-128411&Prime; overlay_alpha=\u00a0\u00bb50&Prime; radius=\u00a0\u00bbsm\u00a0\u00bb shift_x=\u00a0\u00bb0&Prime; shift_y=\u00a0\u00bb0&Prime; shift_y_down=\u00a0\u00bb0&Prime; z_index=\u00a0\u00bb0&Prime; medium_width=\u00a0\u00bb0&Prime; mobile_width=\u00a0\u00bb0&Prime; width=\u00a0\u00bb1\/1&Prime; uncode_shortcode_id=\u00a0\u00bb124193&Prime; back_color_type=\u00a0\u00bbuncode-palette\u00a0\u00bb][vc_row_inner][vc_column_inner column_width_percent=\u00a0\u00bb100&Prime; position_vertical=\u00a0\u00bbmiddle\u00a0\u00bb gutter_size=\u00a0\u00bb2&Prime; overlay_alpha=\u00a0\u00bb50&Prime; shift_x=\u00a0\u00bb0&Prime; shift_y=\u00a0\u00bb0&Prime; shift_y_down=\u00a0\u00bb0&Prime; z_index=\u00a0\u00bb0&Prime; medium_width=\u00a0\u00bb0&Prime; mobile_width=\u00a0\u00bb0&Prime; width=\u00a0\u00bb1\/4&Prime; uncode_shortcode_id=\u00a0\u00bb184355&Prime;][vc_custom_heading heading_semantic=\u00a0\u00bbp\u00a0\u00bb text_size=\u00a0\u00bb\u00a0\u00bb text_weight=\u00a0\u00bb600&Prime; badge_style=\u00a0\u00bbyes\u00a0\u00bb back_color=\u00a0\u00bbcolor-162042&Prime; radius=\u00a0\u00bbstd\u00a0\u00bb uncode_shortcode_id=\u00a0\u00bb185457&Prime; back_color_type=\u00a0\u00bbuncode-palette\u00a0\u00bb]Vid\u00e9o[\/vc_custom_heading][vc_custom_heading heading_semantic=\u00a0\u00bbh3&Prime; uncode_shortcode_id=\u00a0\u00bb204164&Prime; subheading=\u00a0\u00bbL&rsquo;inflation, ce ph\u00e9nom\u00e8ne qui fait grimper les prix, est une force invisible qui fa\u00e7onne notre quotidien et nos d\u00e9cisions financi\u00e8res. D\u00e9couvrez comment elle influence votre porte-monnaie et pourquoi la comprendre peut transformer votre approche de l&rsquo;argent !\u00a0\u00bb]Consommation : l&rsquo;inflation, le mot qui f\u00e2che[\/vc_custom_heading][\/vc_column_inner][vc_column_inner column_width_percent=\u00a0\u00bb100&Prime; position_vertical=\u00a0\u00bbmiddle\u00a0\u00bb gutter_size=\u00a0\u00bb3&Prime; override_padding=\u00a0\u00bbyes\u00a0\u00bb column_padding=\u00a0\u00bb2&Prime; overlay_alpha=\u00a0\u00bb50&Prime; shift_x=\u00a0\u00bb0&Prime; shift_y=\u00a0\u00bb0&Prime; shift_y_down=\u00a0\u00bb0&Prime; z_index=\u00a0\u00bb0&Prime; medium_width=\u00a0\u00bb0&Prime; mobile_width=\u00a0\u00bb0&Prime; width=\u00a0\u00bb3\/4&Prime; uncode_shortcode_id=\u00a0\u00bb988614&Prime;][vc_single_image media=\u00a0\u00bb8977&Prime; media_width_percent=\u00a0\u00bb100&Prime; uncode_shortcode_id=\u00a0\u00bb679665&Prime;][\/vc_column_inner][\/vc_row_inner][\/vc_column][\/vc_row][vc_row row_height_percent=\u00a0\u00bb0&Prime; overlay_alpha=\u00a0\u00bb50&Prime; gutter_size=\u00a0\u00bb3&Prime; column_width_percent=\u00a0\u00bb100&Prime; shift_y=\u00a0\u00bb0&Prime; z_index=\u00a0\u00bb0&Prime; content_parallax=\u00a0\u00bb0&Prime; uncode_shortcode_id=\u00a0\u00bb175356&Prime; row_name=\u00a0\u00bbepargne\u00a0\u00bb][vc_column column_width_percent=\u00a0\u00bb100&Prime; position_vertical=\u00a0\u00bbmiddle\u00a0\u00bb gutter_size=\u00a0\u00bb3&Prime; back_color=\u00a0\u00bbcolor-128411&Prime; overlay_alpha=\u00a0\u00bb50&Prime; radius=\u00a0\u00bbsm\u00a0\u00bb shift_x=\u00a0\u00bb0&Prime; shift_y=\u00a0\u00bb0&Prime; shift_y_down=\u00a0\u00bb0&Prime; z_index=\u00a0\u00bb0&Prime; medium_width=\u00a0\u00bb0&Prime; mobile_width=\u00a0\u00bb0&Prime; width=\u00a0\u00bb1\/1&Prime; uncode_shortcode_id=\u00a0\u00bb124193&Prime; back_color_type=\u00a0\u00bbuncode-palette\u00a0\u00bb][vc_row_inner][vc_column_inner column_width_percent=\u00a0\u00bb100&Prime; position_vertical=\u00a0\u00bbmiddle\u00a0\u00bb gutter_size=\u00a0\u00bb2&Prime; overlay_alpha=\u00a0\u00bb50&Prime; shift_x=\u00a0\u00bb0&Prime; shift_y=\u00a0\u00bb0&Prime; shift_y_down=\u00a0\u00bb0&Prime; z_index=\u00a0\u00bb0&Prime; medium_width=\u00a0\u00bb0&Prime; mobile_width=\u00a0\u00bb0&Prime; width=\u00a0\u00bb1\/4&Prime; uncode_shortcode_id=\u00a0\u00bb184355&Prime;][vc_custom_heading heading_semantic=\u00a0\u00bbp\u00a0\u00bb text_size=\u00a0\u00bb\u00a0\u00bb text_weight=\u00a0\u00bb600&Prime; badge_style=\u00a0\u00bbyes\u00a0\u00bb back_color=\u00a0\u00bbcolor-299303&Prime; radius=\u00a0\u00bbstd\u00a0\u00bb uncode_shortcode_id=\u00a0\u00bb303052&Prime; back_color_type=\u00a0\u00bbuncode-palette\u00a0\u00bb]Articles[\/vc_custom_heading][vc_custom_heading heading_semantic=\u00a0\u00bbh3&Prime; uncode_shortcode_id=\u00a0\u00bb191572&Prime; subheading=\u00a0\u00bbLes Fran\u00e7ais sont r\u00e9put\u00e9s pour leur culture de l&rsquo;\u00e9pargne, privil\u00e9giant la s\u00e9curit\u00e9 financi\u00e8re. Cette habitude est souvent motiv\u00e9e par la pr\u00e9paration \u00e0 long terme et la gestion prudente des finances.\u00a0\u00bb]\u00c9pargne : la passion des fran\u00e7ais[\/vc_custom_heading][\/vc_column_inner][vc_column_inner column_width_percent=\u00a0\u00bb100&Prime; position_vertical=\u00a0\u00bbmiddle\u00a0\u00bb gutter_size=\u00a0\u00bb3&Prime; override_padding=\u00a0\u00bbyes\u00a0\u00bb column_padding=\u00a0\u00bb2&Prime; overlay_alpha=\u00a0\u00bb50&Prime; shift_x=\u00a0\u00bb0&Prime; shift_y=\u00a0\u00bb0&Prime; shift_y_down=\u00a0\u00bb0&Prime; z_index=\u00a0\u00bb0&Prime; medium_width=\u00a0\u00bb0&Prime; mobile_width=\u00a0\u00bb0&Prime; width=\u00a0\u00bb3\/4&Prime; uncode_shortcode_id=\u00a0\u00bb988614&Prime;][vc_column_text uncode_shortcode_id=\u00a0\u00bb343761&Prime;]<a href=\"https:\/\/www.veracash.com\/fr\/blog\/epargne-ideale-selon-la-formule-de-greene\">L\u2019\u00e9pargne id\u00e9ale selon la formule de Greene<\/a><br \/>\n<a href=\"https:\/\/www.veracash.com\/fr\/blog\/gerer-son-budget-methode-50-20-30\">G\u00e9rer son budget avec la m\u00e9thode \u00ab 50-20-30 \u00bb<\/a><br \/>\n<a href=\"https:\/\/www.veracash.com\/fr\/blog\/protegez-votre-epargne-mauvaise-gestion\">Prot\u00e9gez votre \u00e9pargne &#8211; \u00e9pisode 3 : la mauvaise gestion<\/a><br \/>\n<a href=\"https:\/\/www.veracash.com\/fr\/blog\/protegez-votre-epargne-abus-bancaires\">Prot\u00e9gez votre \u00e9pargne \u2013 \u00e9pisode 2 : les abus bancaires<\/a><br \/>\n<a href=\"https:\/\/www.veracash.com\/fr\/blog\/protegez-votre-epargne-les-cyber-escrocs\">Prot\u00e9gez votre \u00e9pargne \u2013 \u00e9pisode 1 : les cyber-escrocs<\/a><br \/>\n<a href=\"https:\/\/www.veracash.com\/fr\/blog\/investissement-epargne-et-placement-pour-ne-plus-les-confondre\">Investissement, \u00e9pargne et placement : pour ne plus les confondre<\/a><br \/>\n<a href=\"https:\/\/www.veracash.com\/fr\/blog\/pourquoi-diversifier-une-partie-de-son-epargne-en-or\">Pourquoi diversifier une partie de son \u00e9pargne en or ?<\/a>[\/vc_column_text][\/vc_column_inner][\/vc_row_inner][\/vc_column][\/vc_row][vc_row][vc_column column_width_percent=\u00a0\u00bb100&Prime; position_vertical=\u00a0\u00bbmiddle\u00a0\u00bb gutter_size=\u00a0\u00bb3&Prime; style=\u00a0\u00bbdark\u00a0\u00bb back_color=\u00a0\u00bbcolor-189054&Prime; overlay_alpha=\u00a0\u00bb50&Prime; radius=\u00a0\u00bbstd\u00a0\u00bb shift_x=\u00a0\u00bb0&Prime; shift_y=\u00a0\u00bb0&Prime; shift_y_down=\u00a0\u00bb0&Prime; z_index=\u00a0\u00bb0&Prime; medium_width=\u00a0\u00bb0&Prime; mobile_width=\u00a0\u00bb0&Prime; width=\u00a0\u00bb1\/1&Prime; uncode_shortcode_id=\u00a0\u00bb143330&Prime; back_color_type=\u00a0\u00bbuncode-palette\u00a0\u00bb][vc_row_inner][vc_column_inner column_width_percent=\u00a0\u00bb100&Prime; gutter_size=\u00a0\u00bb3&Prime; style=\u00a0\u00bbdark\u00a0\u00bb overlay_alpha=\u00a0\u00bb50&Prime; shift_x=\u00a0\u00bb0&Prime; shift_y=\u00a0\u00bb0&Prime; shift_y_down=\u00a0\u00bb0&Prime; z_index=\u00a0\u00bb0&Prime; medium_width=\u00a0\u00bb0&Prime; mobile_width=\u00a0\u00bb0&Prime; width=\u00a0\u00bb2\/3&Prime; uncode_shortcode_id=\u00a0\u00bb164331&Prime;][vc_custom_heading uncode_shortcode_id=\u00a0\u00bb125458&Prime; subheading=\u00a0\u00bbToutes les notions \u00e0 retenir sur les th\u00e9matiques \u00e9voqu\u00e9es au cours de votre lecture sur notre page.\u00a0\u00bb]T\u00e9l\u00e9chargez notre m\u00e9mo niveau d\u00e9butant et d\u00e9veloppez votre <span style=\"color: #77bb77;\">culture financi\u00e8re<\/span>[\/vc_custom_heading][\/vc_column_inner][vc_column_inner column_width_percent=\u00a0\u00bb100&Prime; position_horizontal=\u00a0\u00bbright\u00a0\u00bb position_vertical=\u00a0\u00bbmiddle\u00a0\u00bb gutter_size=\u00a0\u00bb3&Prime; overlay_alpha=\u00a0\u00bb50&Prime; shift_x=\u00a0\u00bb3&Prime; shift_y=\u00a0\u00bb0&Prime; shift_y_down=\u00a0\u00bb0&Prime; z_index=\u00a0\u00bb0&Prime; medium_width=\u00a0\u00bb0&Prime; mobile_width=\u00a0\u00bb0&Prime; width=\u00a0\u00bb1\/3&Prime; uncode_shortcode_id=\u00a0\u00bb662745&Prime;][vc_button button_color=\u00a0\u00bbaccent\u00a0\u00bb border_width=\u00a0\u00bb0&Prime; button_color_type=\u00a0\u00bbuncode-palette\u00a0\u00bb uncode_shortcode_id=\u00a0\u00bb151590&Prime; link=\u00a0\u00bburl:https%3A%2F%2F2100995.fs1.hubspotusercontent-na1.net%2Fhubfs%2F2100995%2FSemaine_education_financiere%2FEducation_Financiere_Debutant.pdf|title:T%C3%A9l%C3%A9charger%20le%20m%C3%A9mo\u00a0\u00bb]T\u00e9l\u00e9charger le m\u00e9mo[\/vc_button][\/vc_column_inner][\/vc_row_inner][\/vc_column][\/vc_row][vc_row row_height_percent=\u00a0\u00bb0&Prime; overlay_alpha=\u00a0\u00bb50&Prime; gutter_size=\u00a0\u00bb3&Prime; column_width_percent=\u00a0\u00bb100&Prime; shift_y=\u00a0\u00bb0&Prime; z_index=\u00a0\u00bb0&Prime; content_parallax=\u00a0\u00bb0&Prime; uncode_shortcode_id=\u00a0\u00bb143231&Prime; row_name=\u00a0\u00bbquizz\u00a0\u00bb][vc_column width=\u00a0\u00bb1\/1&Prime;][vc_raw_html]JTNDZGl2JTIwZGF0YS10Zi1saXZlJTNEJTIyMDFKUDdIQ1pCOFhKSjI4QVJXNFRKOEFSV0QlMjIlM0UlM0MlMkZkaXYlM0UlM0NzY3JpcHQlMjBzcmMlM0QlMjIlMkYlMkZlbWJlZC50eXBlZm9ybS5jb20lMkZuZXh0JTJGZW1iZWQuanMlMjIlM0UlM0MlMkZzY3JpcHQlM0U=[\/vc_raw_html][\/vc_column][\/vc_row][vc_row][vc_column column_width_percent=\u00a0\u00bb100&Prime; position_horizontal=\u00a0\u00bbright\u00a0\u00bb gutter_size=\u00a0\u00bb3&Prime; overlay_alpha=\u00a0\u00bb50&Prime; shift_x=\u00a0\u00bb0&Prime; shift_y=\u00a0\u00bb0&Prime; shift_y_down=\u00a0\u00bb0&Prime; z_index=\u00a0\u00bb0&Prime; medium_width=\u00a0\u00bb0&Prime; mobile_width=\u00a0\u00bb0&Prime; width=\u00a0\u00bb1\/1&Prime; uncode_shortcode_id=\u00a0\u00bb783787&Prime;][vc_button border_width=\u00a0\u00bb0&Prime; icon_position=\u00a0\u00bbright\u00a0\u00bb icon=\u00a0\u00bbfa fa-arrow-right\u00a0\u00bb uncode_shortcode_id=\u00a0\u00bb102611&Prime; link=\u00a0\u00bburl:https%3A%2F%2Fwww.veracash.com%2Ffr%2Feducation-financiere%2Fintermediaire|title:%C3%89ducation%20financi%C3%A8re%20%E2%80%93%20niveau%20interm%C3%A9diaire\u00a0\u00bb]Pr\u00eat pour le niveau suivant ?[\/vc_button][\/vc_column][\/vc_row]<\/p>\n<\/div>","protected":false},"excerpt":{"rendered":"<p>[vc_row row_height_percent=\u00a0\u00bb90&Prime; back_image=\u00a0\u00bb10557&Prime; parallax=\u00a0\u00bbyes\u00a0\u00bb overlay_color=\u00a0\u00bbcolor-198802&Prime; overlay_alpha=\u00a0\u00bb15&Prime; gutter_size=\u00a0\u00bb3&Prime; column_width_percent=\u00a0\u00bb100&Prime; shift_y=\u00a0\u00bb0&Prime; z_index=\u00a0\u00bb0&Prime; content_parallax=\u00a0\u00bb0&Prime; uncode_shortcode_id=\u00a0\u00bb108271&Prime; overlay_color_type=\u00a0\u00bbuncode-palette\u00a0\u00bb][vc_column column_width_percent=\u00a0\u00bb100&Prime; position_vertical=\u00a0\u00bbmiddle\u00a0\u00bb gutter_size=\u00a0\u00bb3&Prime; style=\u00a0\u00bbdark\u00a0\u00bb overlay_alpha=\u00a0\u00bb50&Prime; shift_x=\u00a0\u00bb0&Prime; shift_y=\u00a0\u00bb0&Prime; [&hellip;]<\/p>\n","protected":false},"author":20,"featured_media":10557,"parent":0,"menu_order":0,"comment_status":"closed","ping_status":"closed","template":"","meta":{"content-type":"","footnotes":""},"class_list":["post-10550","page","type-page","status-publish","has-post-thumbnail","hentry"],"jetpack_shortlink":"https:\/\/wp.me\/Pfl0yj-2Ka","jetpack_sharing_enabled":true,"_links":{"self":[{"href":"https:\/\/www.veracash.com\/fr\/wp-json\/wp\/v2\/pages\/10550","targetHints":{"allow":["GET"]}}],"collection":[{"href":"https:\/\/www.veracash.com\/fr\/wp-json\/wp\/v2\/pages"}],"about":[{"href":"https:\/\/www.veracash.com\/fr\/wp-json\/wp\/v2\/types\/page"}],"author":[{"embeddable":true,"href":"https:\/\/www.veracash.com\/fr\/wp-json\/wp\/v2\/users\/20"}],"replies":[{"embeddable":true,"href":"https:\/\/www.veracash.com\/fr\/wp-json\/wp\/v2\/comments?post=10550"}],"version-history":[{"count":25,"href":"https:\/\/www.veracash.com\/fr\/wp-json\/wp\/v2\/pages\/10550\/revisions"}],"predecessor-version":[{"id":10655,"href":"https:\/\/www.veracash.com\/fr\/wp-json\/wp\/v2\/pages\/10550\/revisions\/10655"}],"wp:featuredmedia":[{"embeddable":true,"href":"https:\/\/www.veracash.com\/fr\/wp-json\/wp\/v2\/media\/10557"}],"wp:attachment":[{"href":"https:\/\/www.veracash.com\/fr\/wp-json\/wp\/v2\/media?parent=10550"}],"curies":[{"name":"wp","href":"https:\/\/api.w.org\/{rel}","templated":true}]}}